{"id":8348,"date":"2017-03-24T19:21:31","date_gmt":"2017-03-24T17:21:31","guid":{"rendered":"http:\/\/reise-n.com\/reisen\/?page_id=8348"},"modified":"2022-07-14T04:03:20","modified_gmt":"2022-07-14T02:03:20","slug":"mobile-app","status":"publish","type":"page","link":"https:\/\/reise-n.com\/reisen\/mobile-app\/","title":{"rendered":"Mobile App"},"content":{"rendered":"<h3>Pauschalurlaub<\/h3>\n<p><tbe param-pid=\"A-27654-0\" param-cntry=\" \" param-ngn=\"package\"><\/p>\n<div class=\"tbe-loading\"><\/div>\n<p><\/tbe>\n<\/div>\n<\/div>\n<div class=\"tabber\">\n<div class=\"tabbertab\">\n<h3>Last-minute<\/h3>\n<\/div>\n<div class=\"tabbertab\">\n<h3>nur Unterkunft<\/h3>\n<p>Unterkunft buchen im Preisvergleich<\/p>\n<\/div>\n<div class=\"tabbertab\">\n<h3>Flug-Ticket<\/h3>\n<p>Flug buchen weltweit im Preisvergleich<\/p>\n<\/div>\n<\/div>\n<\/div>\n<h3>Hotel Flug Reise Mobile App Hotels mit Fr\u00fchst\u00fcck Halbpension All-inklusive Pauschalurlaub Reiseangebote Flugticket Unterkunft billig buchen weltweit \u00fcber Smartphone Tablet PC.<\/h3>\n","protected":false},"excerpt":{"rendered":"<p>Pauschalurlaub Last-minute nur Unterkunft Unterkunft buchen im Preisvergleich Flug-Ticket Flug buchen weltweit im Preisvergleich Hotel Flug Reise Mobile App Hotels mit Fr\u00fchst\u00fcck Halbpension All-inklusive Pauschalurlaub Reiseangebote Flugticket Unterkunft billig buchen weltweit \u00fcber Smartphone Tablet PC.<\/p>\n","protected":false},"author":1,"featured_media":0,"parent":0,"menu_order":0,"comment_status":"closed","ping_status":"open","template":"","meta":{"footnotes":""},"class_list":["post-8348","page","type-page","status-publish","hentry"],"_links":{"self":[{"href":"https:\/\/reise-n.com\/reisen\/wp-json\/wp\/v2\/pages\/8348","targetHints":{"allow":["GET"]}}],"collection":[{"href":"https:\/\/reise-n.com\/reisen\/wp-json\/wp\/v2\/pages"}],"about":[{"href":"https:\/\/reise-n.com\/reisen\/wp-json\/wp\/v2\/types\/page"}],"author":[{"embeddable":true,"href":"https:\/\/reise-n.com\/reisen\/wp-json\/wp\/v2\/users\/1"}],"replies":[{"embeddable":true,"href":"https:\/\/reise-n.com\/reisen\/wp-json\/wp\/v2\/comments?post=8348"}],"version-history":[{"count":9,"href":"https:\/\/reise-n.com\/reisen\/wp-json\/wp\/v2\/pages\/8348\/revisions"}],"predecessor-version":[{"id":8825,"href":"https:\/\/reise-n.com\/reisen\/wp-json\/wp\/v2\/pages\/8348\/revisions\/8825"}],"wp:attachment":[{"href":"https:\/\/reise-n.com\/reisen\/wp-json\/wp\/v2\/media?parent=8348"}],"curies":[{"name":"wp","href":"https:\/\/api.w.org\/{rel}","templated":true}]}}