{"id":7859,"date":"2016-07-14T18:53:59","date_gmt":"2016-07-14T16:53:59","guid":{"rendered":"http:\/\/reise-n.com\/reisen\/?page_id=7859"},"modified":"2016-07-14T18:53:59","modified_gmt":"2016-07-14T16:53:59","slug":"tropo","status":"publish","type":"page","link":"https:\/\/reise-n.com\/reisen\/pauschalreisen\/tropo\/","title":{"rendered":"Tropo"},"content":{"rendered":"<h3>Pauschalreisen Tropo Urlaub g\u00fcnstig buchen von diesem Veranstalter<\/h3>\n<div class=\"tabber\">\n<div class=\"tabbertab\">\n<h3>Pauschalangebote<\/h3>\n<p><iframe loading=\"lazy\" frameborder=\"0\" src=\"https:\/\/comfort.traffics-ibe.com\/tibet.php?cfg=0080010080000000&#038;rmask=1&#038;hmask=1&#038;stp=2&#038;vnd=2&#038;bsd=180&#038;ref=22571&#038;ixp=pauschal&#038;typ=P&#038;epc=2&#038;opi=XPOD&#038;col=weiss-orange\" width=\"620\" height=\"3000\" name=\"Pauschalangebotexpod\"><\/p>\n<p>Ihr Browser kann leider keine eingebetteten Frames anzeigen:<br \/>\n  Sie k&ouml;nnen die eingebettete Seite &uuml;ber den folgenden Verweis<br \/>\n  aufrufen: <a href=\"https:\/\/comfort.traffics-ibe.com\/tibet.php?cfg=0080010080000000&#038;rmask=1&#038;hmask=1&#038;stp=2&#038;vnd=2&#038;bsd=180&#038;ref=22571&#038;ixp=pauschal&#038;typ=P&#038;epc=2&#038;opi=XPOD&#038;col=weiss-orange\">Pauschalurlaub<\/a><br \/>\n<\/iframe>\n<\/div>\n<div class=\"tabbertab\">\n<h3>Hotels Eigene Anreise<\/h3>\n<p><iframe loading=\"lazy\" frameborder=\"0\" src=\"https:\/\/comfort.traffics-ibe.com\/tibet.php?cfg=0080010080000000&#038;rmask=1&#038;hmask=1&#038;stp=2&#038;vnd=2&#038;bsd=180&#038;ref=22571&#038;ixp=hotel&#038;typ=H&#038;epc=2&#038;opi=XPOD&#038;col=weiss-orange\" width=\"620\" height=\"3000\" name=\"Pauschalhotelxpod1\"><\/p>\n<p>Ihr Browser kann leider keine eingebetteten Frames anzeigen:<br \/>\n  Sie k&ouml;nnen die eingebettete Seite &uuml;ber den folgenden Verweis<br \/>\n  aufrufen: <a href=\"https:\/\/comfort.traffics-ibe.com\/tibet.php?cfg=0080010080000000&#038;rmask=1&#038;hmask=1&#038;stp=2&#038;vnd=2&#038;bsd=180&#038;ref=22571&#038;ixp=hotel&#038;typ=H&#038;epc=2&#038;opi=XPOD&#038;col=weiss-orange\">Pauschalurlaub<\/a><br \/>\n<\/iframe>\n<\/div>\n<div class=\"tabbertab\">\n<h3>Flug<\/h3>\n<p><iframe loading=\"lazy\" frameborder=\"0\" src=\"https:\/\/comfort.traffics-ibe.com\/tibet.php?cfg=0080010080000000&#038;rmask=1&#038;hmask=1&#038;stp=2&#038;vnd=2&#038;bsd=60&#038;ref=22571&#038;ixp=charter&#038;typ=N&#038;epc=2&#038;col=weiss-orange\" width=\"620\" height=\"3000\" name=\"Flugangebotexpod2\"><\/p>\n<p>Ihr Browser kann leider keine eingebetteten Frames anzeigen:<br \/>\n  Sie k&ouml;nnen die eingebettete Seite &uuml;ber den folgenden Verweis<br \/>\n  aufrufen: <a href=\"https:\/\/comfort.traffics-ibe.com\/tibet.php?cfg=0080010080000000&#038;rmask=1&#038;hmask=1&#038;stp=2&#038;vnd=2&#038;bsd=60&#038;ref=22571&#038;ixp=charter&#038;typ=N&#038;epc=2&#038;opi=?&#038;col=weiss-orange\">Pauschalurlaub<\/a><br \/>\n<\/iframe>\n<\/div>\n<\/div>\n<p><center><\/p>\n<h3>Billige Reiseangebote Balearen Ibiza Mallorca Menorca Kanaren Fuerteventura Gran Canaria La Gomera Lanzarote La Palma Teneriffa Spanien Festland Portugal T\u00fcrkei Griechenland Festland Griechische Inseln \u00c4gypten Tunesien Marokko Zypern Deutschland Frankreich Gro\u00dfbritannien Irland Italien Malta Gozo &#038; Comino Kroatien Ungarn \u00d6sterreich Skandinavien D\u00e4nemark Afrika Vereinigte Arabische Emirate Asien Thailand Indien Sri Lanka Indischer Ozean La R\u00e9union Mauritius Seychellen Malediven Karibik Dominikanische Republik Kuba Mexiko Mittelamerika S\u00fcdamerika USA Kalifornien Strand 2 3 4 5 Sterne Hotel Angebote All-inclusive Halbpension oder mit Fr\u00fchst\u00fcck &#8211; Mittelmeer Kreuzfahrt \u00c4g\u00e4is &#8211; <\/h3>\n<p><br\/ ><br\/ ><br \/>\n<strong><em>last-minute Pauschalreisen Tropo billig buchen 1 2 3 4 5 Sterne Hotel Flug &#8211; Tropo Reise<\/em><\/strong><br \/>\n<\/center><\/p>\n<div class=\"tabber\">\n<div class=\"tabbertab\">\n<h3>Info<\/h3>\n<\/div>\n<div class=\"tabbertab\">\n<h3>Wetter<\/h3>\n<table border=\"0\">\n<tr>\n<th align=\"left\" valign=\"top\" width=\"200\" height=\"75\">\n<a href=\"https:\/\/www.weatheronline.co.uk\/cgi-bin\/homecif?WMO=10147&#038;L=en&#038;WIDTH=180&#038;HEIGHT=150&#038;CLOUD=1&#038;V=2\" target=\"Angebote\" id=\"myfavorite\"><\/p>\n<h4>Wetter<\/h4>\n<p><\/a><\/p>\n<hr \/>\n<p><br clear=all><\/p>\n<\/th>\n<th align=\"center\" valign=\"top\" width=\"200\"> <center><\/p>\n<h5>Wettervorhersage<\/h5>\n<p><\/center><\/p>\n<p><iframe loading=\"lazy\" width=\"300\" height=\"300\" src=\"https:\/\/www.weatheronline.co.uk\/cgi-bin\/homecif?WMO=10147&#038;L=en&#038;WIDTH=180&#038;HEIGHT=150&#038;CLOUD=1&#038;V=2\" name=\"Angebote\" scrolling=\"auto\"><\/iframe>\n<\/th>\n<th align=\"right\" valign=\"top\" width=\"0\"><\/th>\n<\/tr>\n<\/tr>\n<\/table>\n<\/div>\n<div class=\"tabbertab\">\n<h3>Karte<\/h3>\n<div class=\"su-gmap su-u-responsive-media-yes\"><iframe loading=\"lazy\" width=\"500\" height=\"450\" src=\"\/\/maps.google.com\/maps?q=Europa&amp;output=embed\" title=\"\"><\/iframe><\/div><\/div>\n<div class=\"tabbertab\">\n<h3> <\/h3>\n<p><font size=\"1\" color=\"#f4eeee\"><br \/>\n<marquee><b>Angebote: 1 Tag, 2 Tage, 3 Tage, 4 Tage, 5 Tage, 6 Tage, 7 Tage, 8 Tage, 9 Tage, 10 Tage, 11 Tage, 12 Tage, 13 Tage, 14 Tage, 15 Tage, 16 Tage, 17 Tage, 18 Tage, 19 Tage, 20 Tage, 21 Tage, 1 Woche, 2 Wochen, 3 Wochen, 4 Wochen, Reise unter 100 unter 200 unter 300 unter 400 unter 500 Euro 600 unter 700 unter 800, 900, 1000, 1100, bis 1200, bis 1300, bis 1400, bis 1500, bis 1600, bis 1700, bis 1800, bis 1900, bis 2000, bis 2100, bis 2200, bis 2300, bis 2400, bis 2500, bis 2600, bis 2700 Pro Person <\/b><\/marquee><\/font> <\/p>\n<\/p>\n<\/div>\n<\/div>\n","protected":false},"excerpt":{"rendered":"<p>Pauschalreisen Tropo Urlaub g\u00fcnstig buchen von diesem Veranstalter Pauschalangebote Ihr Browser kann leider keine eingebetteten Frames anzeigen: Sie k&ouml;nnen die eingebettete Seite &uuml;ber den folgenden Verweis aufrufen: Pauschalurlaub Hotels Eigene Anreise Ihr Browser kann leider keine eingebetteten Frames anzeigen: Sie &hellip; <a href=\"https:\/\/reise-n.com\/reisen\/pauschalreisen\/tropo\/\">Weiterlesen <span class=\"meta-nav\">&rarr;<\/span><\/a><\/p>\n","protected":false},"author":1,"featured_media":0,"parent":32,"menu_order":0,"comment_status":"closed","ping_status":"open","template":"sidebar-page.php","meta":{"footnotes":""},"class_list":["post-7859","page","type-page","status-publish","hentry"],"_links":{"self":[{"href":"https:\/\/reise-n.com\/reisen\/wp-json\/wp\/v2\/pages\/7859","targetHints":{"allow":["GET"]}}],"collection":[{"href":"https:\/\/reise-n.com\/reisen\/wp-json\/wp\/v2\/pages"}],"about":[{"href":"https:\/\/reise-n.com\/reisen\/wp-json\/wp\/v2\/types\/page"}],"author":[{"embeddable":true,"href":"https:\/\/reise-n.com\/reisen\/wp-json\/wp\/v2\/users\/1"}],"replies":[{"embeddable":true,"href":"https:\/\/reise-n.com\/reisen\/wp-json\/wp\/v2\/comments?post=7859"}],"version-history":[{"count":2,"href":"https:\/\/reise-n.com\/reisen\/wp-json\/wp\/v2\/pages\/7859\/revisions"}],"predecessor-version":[{"id":7861,"href":"https:\/\/reise-n.com\/reisen\/wp-json\/wp\/v2\/pages\/7859\/revisions\/7861"}],"up":[{"embeddable":true,"href":"https:\/\/reise-n.com\/reisen\/wp-json\/wp\/v2\/pages\/32"}],"wp:attachment":[{"href":"https:\/\/reise-n.com\/reisen\/wp-json\/wp\/v2\/media?parent=7859"}],"curies":[{"name":"wp","href":"https:\/\/api.w.org\/{rel}","templated":true}]}}