{"id":6408,"date":"2015-06-02T15:42:13","date_gmt":"2015-06-02T13:42:13","guid":{"rendered":"http:\/\/1reisen.com\/?page_id=6408"},"modified":"2015-06-02T15:42:13","modified_gmt":"2015-06-02T13:42:13","slug":"hotel-nona","status":"publish","type":"page","link":"https:\/\/reise-n.com\/reisen\/pauschalreisen\/bulgarien\/albena\/hotel-nona\/","title":{"rendered":"Hotel Nona"},"content":{"rendered":"<div class=\"tabber\">\n<div class=\"tabbertab\">\n<h3>Angebot<\/h3>\n<p><a href=\"https:\/\/reise-n.com\/reisen\/wp-content\/uploads\/2015\/06\/000a-2W-DZ-3Sterne-Hotel-Nona-All-inclusive-403-euro-Goldstrand-Bulgarien.jpg\"><img loading=\"lazy\" decoding=\"async\" src=\"https:\/\/reise-n.com\/reisen\/wp-content\/uploads\/2015\/06\/000a-2W-DZ-3Sterne-Hotel-Nona-All-inclusive-403-euro-Goldstrand-Bulgarien.jpg\" alt=\"Urlaub am Goldstrand im 3 Sterne Hotel Nona All-inclusive\" width=\"600\" height=\"314\" class=\"alignnone size-full wp-image-6409\" srcset=\"https:\/\/reise-n.com\/wp-content\/uploads\/2015\/06\/000a-2W-DZ-3Sterne-Hotel-Nona-All-inclusive-403-euro-Goldstrand-Bulgarien.jpg 600w, https:\/\/reise-n.com\/wp-content\/uploads\/2015\/06\/000a-2W-DZ-3Sterne-Hotel-Nona-All-inclusive-403-euro-Goldstrand-Bulgarien-300x157.jpg 300w, https:\/\/reise-n.com\/wp-content\/uploads\/2015\/06\/000a-2W-DZ-3Sterne-Hotel-Nona-All-inclusive-403-euro-Goldstrand-Bulgarien-500x262.jpg 500w\" sizes=\"auto, (max-width: 600px) 100vw, 600px\" \/><\/a><\/p>\n<\/div>\n<div class=\"tabbertab\">\n<h3>Pauschal mit Flug ab 403.- \u20ac<\/h3>\n<p><iframe loading=\"lazy\" style=\"margin-left:-40px;\" frameborder=\"0\" src=\"https:\/\/comfort.traffics-ibe.com\/tibet.php?stp=4&#038;mop=yes&#038;ixp=pauschal&#038;cfg=0080010080000000&#038;vnd=2&#038;bsd=180&#038;tdm=14&#038;tdx=14&#038;mmc=2w&#038;typ=P&#038;fdir=1&#038;epc=2&#038;ka1=&#038;ka2=&#038;ka3=&#038;kpc=&#038;kpa=&#038;hmi=ALLE&#038;stc=0&#038;zac=&#038;vpc=*&#038;dsi=ALLE&#038;dsr=743&#038;bst=&#038;vnt=&#038;refer=2&#038;tsc=1&#038;out=detail&#038;lng=de&#038;icd=&#038;enc=ISO-8859-1&#038;tps=&#038;mpo=&#038;ref=22571&#038;col=weiss-orange&#038;sub=all&#038;CurrencySymbol=EUR&#038;hmask=1&#038;rmask=1&#038;region=743&#038;hlist_filter=1&#038;oid=42&#038;PHPSESSID=?&#038;mmc=2w&#038;enc=ISO-8859-1&#038;lng=de&#038;PHPSESSID=?&#038;filter_category=price_up&#038;oid=42&#038;gid=18015&#038;azh=VAR&#038;hsc=?&#038;PHPSESSID=?\" width=\"730\" height=\"3700\" name=\"Pauschalangebot735\"><\/p>\n<p>Ihr Browser kann leider keine eingebetteten Frames anzeigen:<br \/>\n  Sie k&ouml;nnen die eingebettete Seite &uuml;ber den folgenden Verweis<br \/>\n  aufrufen: <a href=\"https:\/\/comfort.traffics-ibe.com\/tibet.php?stp=4&#038;mop=yes&#038;ixp=pauschal&#038;cfg=0080010080000000&#038;vnd=2&#038;bsd=180&#038;tdm=14&#038;tdx=14&#038;mmc=2w&#038;typ=P&#038;fdir=1&#038;epc=2&#038;ka1=&#038;ka2=&#038;ka3=&#038;kpc=&#038;kpa=&#038;hmi=ALLE&#038;stc=0&#038;zac=&#038;vpc=*&#038;dsi=ALLE&#038;dsr=743&#038;bst=&#038;vnt=&#038;refer=2&#038;tsc=1&#038;out=detail&#038;lng=de&#038;icd=&#038;enc=ISO-8859-1&#038;tps=&#038;mpo=&#038;ref=22571&#038;col=weiss-orange&#038;sub=all&#038;CurrencySymbol=EUR&#038;hmask=1&#038;rmask=1&#038;region=743&#038;hlist_filter=1&#038;oid=42&#038;PHPSESSID=?&#038;mmc=2w&#038;enc=ISO-8859-1&#038;lng=de&#038;PHPSESSID=?&#038;filter_category=price_up&#038;oid=42&#038;gid=18015&#038;azh=VAR&#038;hsc=?&#038;PHPSESSID=?\"><\/a><\/p>\n<p><\/iframe>\n<\/div>\n<div class=\"tabbertab\">\n<h3>Eigene Anreise<\/h3>\n<p><iframe loading=\"lazy\" style=\"margin-left:-40px;\" frameborder=\"0\" src=\"https:\/\/comfort.traffics-ibe.com\/tibet.php?PHPSESSID=1f50caa4d3e619779854007c99ca099a&#038;hlist_filter=1&#038;filter_category=price_up&#038;oid=42&#038;region=ALLE&#038;vnd=2&#038;bsd=180&#038;mmc=0&#038;stc=&#038;vpc=*&#038;epc=2&#038;ka1=&#038;ka2=&#038;ka3=&#038;htn=&#038;PHPSESSID=?&#038;stp=2&#038;bst=&#038;vnt=&#038;lng=de&#038;enc=ISO-8859-1&#038;tps=&#038;mpo=&#038;cfg=0080010080000000&#038;typ=H&#038;ixp=hotel&#038;kpa=&#038;opi=&#038;opx=&#038;col=weiss-orange&#038;CurrencySymbol=EUR&#038;dsr=100138&#038;hmask=1&#038;out=detail&#038;ref=22571&#038;rmask=1&#038;sub=all&#038;cnt_new=1&#038;fdir=1&#038;tsc=1\" width=\"730\" height=\"3700\" name=\"Pauschalhotel735\"><\/p>\n<p>Ihr Browser kann leider keine eingebetteten Frames anzeigen:<br \/>\n  Sie k&ouml;nnen die eingebettete Seite &uuml;ber den folgenden Verweis<br \/>\n  aufrufen: <a href=\"https:\/\/comfort.traffics-ibe.com\/tibet.php?PHPSESSID=1f50caa4d3e619779854007c99ca099a&#038;hlist_filter=1&#038;filter_category=price_up&#038;oid=42&#038;region=ALLE&#038;vnd=2&#038;bsd=180&#038;mmc=0&#038;stc=&#038;vpc=*&#038;epc=2&#038;ka1=&#038;ka2=&#038;ka3=&#038;htn=&#038;PHPSESSID=?&#038;stp=2&#038;bst=&#038;vnt=&#038;lng=de&#038;enc=ISO-8859-1&#038;tps=&#038;mpo=&#038;cfg=0080010080000000&#038;typ=H&#038;ixp=hotel&#038;kpa=&#038;opi=&#038;opx=&#038;col=weiss-orange&#038;CurrencySymbol=EUR&#038;dsr=100138&#038;hmask=1&#038;out=detail&#038;ref=22571&#038;rmask=1&#038;sub=all&#038;cnt_new=1&#038;fdir=1&#038;tsc=1\">Pauschalhotel<\/a><\/p>\n<p><\/iframe>\n<\/div>\n<div class=\"tabbertab\">\n<h3>Hotelsuche<\/h3>\n<p><script type='text\/javascript' src='https:\/\/sbhc.portalhc.com\/20836\/SearchBox\/416065'><\/script>\n<\/div>\n<div class=\"tabbertab\">\n<h3>Charteflug<\/h3>\n<p><iframe loading=\"lazy\" frameborder=\"0\" src=\"https:\/\/comfort.traffics-ibe.com\/tibet.php?PHPSESSID=?&#038;hmi=FRA&#038;region=?&#038;dsi=VAR&#038;vnd=2&#038;bsd=180&#038;mmc=1w&#038;epc=2&#038;ka1=0&#038;ka2=0&#038;ka3=0&#038;fdir=1&#038;stp=2&#038;bst=&#038;lng=de&#038;enc=ISO-8859-1&#038;tps=&#038;mpo=&#038;cfg=0080010080000000&#038;typ=N&#038;ixp=charter&#038;kpa=&#038;opi=&#038;opx=&#038;col=weiss-orange&#038;CurrencySymbol=EUR&#038;hmask=1&#038;out=detail&#038;ref=22571&#038;rmask=1&#038;sub=all&#038;cnt_new=1&#038;fdir=1\" width=\"620\" height=\"3000\" name=\"Linienflug\"><\/p>\n<p>Ihr Browser kann leider keine eingebetteten Frames anzeigen:<br \/>\n  Sie k&ouml;nnen die eingebettete Seite &uuml;ber den folgenden Verweis<br \/>\n  aufrufen: <a href=\"https:\/\/comfort.traffics-ibe.com\/tibet.php?PHPSESSID=?&#038;hmi=FRA&#038;region=?&#038;dsi=VAR&#038;vnd=2&#038;bsd=180&#038;mmc=1w&#038;epc=2&#038;ka1=0&#038;ka2=0&#038;ka3=0&#038;fdir=1&#038;stp=2&#038;bst=&#038;lng=de&#038;enc=ISO-8859-1&#038;tps=&#038;mpo=&#038;cfg=0080010080000000&#038;typ=N&#038;ixp=charter&#038;kpa=&#038;opi=&#038;opx=&#038;col=weiss-orange&#038;CurrencySymbol=EUR&#038;hmask=1&#038;out=detail&#038;ref=22571&#038;rmask=1&#038;sub=all&#038;cnt_new=1&#038;fdir=1\">Linienflug<\/a>\n<\/p>\n<p><\/iframe>\n<\/div>\n<div class=\"tabbertab\">\n<h3>Flugticket<\/h3>\n<p><script type=\"text\/javascript\" src=\"#\"><\/script><br \/>\n<script type=\"text\/javascript\">setClient(\"17\");<\/script><br \/>\n<script type=\"text\/javascript\">setActions(\"clients-noh-de\");<\/script><br \/>\n<script type=\"text\/javascript\">initMEVLieux(\"\",\" \");<\/script><br \/>\n<script type=\"text\/javascript\">setTargetFormMEV(\"_blank\");<\/script>\n<\/div>\n<\/div>\n<div class=\"su-button-center\"><a href=\"https:\/\/reise-n.com\/reisen\/pauschalreisen\/bulgarien\/albena\/\" class=\"su-button su-button-style-3d\" style=\"color:#FFFFFF;background-color:#ef2d3d;border-color:#c02431;border-radius:5px\" target=\"_self\"><span style=\"color:#FFFFFF;padding:0px 16px;font-size:13px;line-height:26px;border-color:#f46c78;border-radius:5px;text-shadow:none\"> Weitere tolle Reisengebote im Urlaubsort Albena finden Sie hier<\/span><\/a><\/div>\n<h3>G\u00fcnstiger Reisen Urlaub am Goldstrand in Bulgarien finden Sie die Besten Reiseangebote 1 2 3 4 5 Sterne Hotels mit Fr\u00fchst\u00fcck Halbpension All-inclusive Hotel Albena Reisen Hotel Flug Pauschalurlaub Eigene Anreise Charterflug Flugticket.<\/h3>\n<div class=\"tabber\">\n<div class=\"tabbertab\">\n<h3>Info<\/h3>\n<a href=\"https:\/\/reise-n.com\/reisen\/pauschalreisen\/deutschland\/berlin\/\" class=\"su-button su-button-style-3d\" style=\"color:#FFFFFF;background-color:#f67b46;border-color:#c56338;border-radius:5px\" target=\"_self\"><span style=\"color:#FFFFFF;padding:0px 16px;font-size:13px;line-height:26px;border-color:#f9a37e;border-radius:5px;text-shadow:none\"> Berlin<\/span><\/a> <a href=\"https:\/\/reise-n.com\/reisen\/pauschalreisen\/deutschland\/frankfurt\/\" class=\"su-button su-button-style-3d\" style=\"color:#FFFFFF;background-color:#2fb4c5;border-color:#26909e;border-radius:5px\" target=\"_self\"><span style=\"color:#FFFFFF;padding:0px 16px;font-size:13px;line-height:26px;border-color:#6ecbd7;border-radius:5px;text-shadow:none\"> Frankfurt<\/span><\/a> <a href=\"https:\/\/reise-n.com\/reisen\/pauschalreisen\/deutschland\/hamburg\/\" class=\"su-button su-button-style-3d\" style=\"color:#FFFFFF;background-color:#f67b46;border-color:#c56338;border-radius:5px\" target=\"_self\"><span style=\"color:#FFFFFF;padding:0px 16px;font-size:13px;line-height:26px;border-color:#f9a37e;border-radius:5px;text-shadow:none\"> Hamburg<\/span><\/a> <a href=\"https:\/\/reise-n.com\/reisen\/pauschalreisen\/schweiz\/basel\/\" class=\"su-button su-button-style-3d\" style=\"color:#FFFFFF;background-color:#2fb4c5;border-color:#26909e;border-radius:5px\" target=\"_self\"><span style=\"color:#FFFFFF;padding:0px 16px;font-size:13px;line-height:26px;border-color:#6ecbd7;border-radius:5px;text-shadow:none\"> Basel<\/span><\/a> <a href=\"https:\/\/reise-n.com\/reisen\/pauschalreisen\/deutschland\/muenchen\/\" class=\"su-button su-button-style-3d\" style=\"color:#FFFFFF;background-color:#f67b46;border-color:#c56338;border-radius:5px\" target=\"_self\"><span style=\"color:#FFFFFF;padding:0px 16px;font-size:13px;line-height:26px;border-color:#f9a37e;border-radius:5px;text-shadow:none\"> M\u00fcnchen<\/span><\/a> <a href=\"https:\/\/reise-n.com\/reisen\/pauschalreisen\/deutschland\/koeln\/\" class=\"su-button su-button-style-3d\" style=\"color:#FFFFFF;background-color:#2fb4c5;border-color:#26909e;border-radius:5px\" target=\"_self\"><span style=\"color:#FFFFFF;padding:0px 16px;font-size:13px;line-height:26px;border-color:#6ecbd7;border-radius:5px;text-shadow:none\"> K\u00f6ln<\/span><\/a> <a href=\"https:\/\/reise-n.com\/reisen\/pauschalreisen\/deutschland\/leipzig\/\" class=\"su-button su-button-style-3d\" style=\"color:#FFFFFF;background-color:#f67b46;border-color:#c56338;border-radius:5px\" target=\"_self\"><span style=\"color:#FFFFFF;padding:0px 16px;font-size:13px;line-height:26px;border-color:#f9a37e;border-radius:5px;text-shadow:none\"> Leipzig<\/span><\/a> <a href=\"https:\/\/reise-n.com\/reisen\/pauschalreisen\/deutschland\/dresden\/\" class=\"su-button su-button-style-3d\" style=\"color:#FFFFFF;background-color:#2fb4c5;border-color:#26909e;border-radius:5px\" target=\"_self\"><span style=\"color:#FFFFFF;padding:0px 16px;font-size:13px;line-height:26px;border-color:#6ecbd7;border-radius:5px;text-shadow:none\"> Dresden<\/span><\/a> <a href=\"https:\/\/reise-n.com\/reisen\/pauschalreisen\/deutschland\/bremen\/\" class=\"su-button su-button-style-3d\" style=\"color:#FFFFFF;background-color:#f67b46;border-color:#c56338;border-radius:5px\" target=\"_self\"><span style=\"color:#FFFFFF;padding:0px 16px;font-size:13px;line-height:26px;border-color:#f9a37e;border-radius:5px;text-shadow:none\"> Bremen<\/span><\/a> <a href=\"https:\/\/reise-n.com\/reisen\/pauschalreisen\/deutschland\/nuernberg\/\" class=\"su-button su-button-style-3d\" style=\"color:#FFFFFF;background-color:#2fb4c5;border-color:#26909e;border-radius:5px\" target=\"_self\"><span style=\"color:#FFFFFF;padding:0px 16px;font-size:13px;line-height:26px;border-color:#6ecbd7;border-radius:5px;text-shadow:none\"> N\u00fcrnberg<\/span><\/a> <a href=\"https:\/\/reise-n.com\/reisen\/pauschalreisen\/deutschland\/rostock\/\" class=\"su-button su-button-style-3d\" style=\"color:#FFFFFF;background-color:#f67b46;border-color:#c56338;border-radius:5px\" target=\"_self\"><span style=\"color:#FFFFFF;padding:0px 16px;font-size:13px;line-height:26px;border-color:#f9a37e;border-radius:5px;text-shadow:none\"> Rostock<\/span><\/a> <a href=\"https:\/\/reise-n.com\/reisen\/pauschalreisen\/deutschland\/stuttgart\/\" class=\"su-button su-button-style-3d\" style=\"color:#FFFFFF;background-color:#2fb4c5;border-color:#26909e;border-radius:5px\" target=\"_self\"><span style=\"color:#FFFFFF;padding:0px 16px;font-size:13px;line-height:26px;border-color:#6ecbd7;border-radius:5px;text-shadow:none\"> Stuttgart<\/span><\/a> <a href=\"https:\/\/reise-n.com\/reisen\/pauschalreisen\/deutschland\/duesseldorf\/\" class=\"su-button su-button-style-3d\" style=\"color:#FFFFFF;background-color:#f67b46;border-color:#c56338;border-radius:5px\" target=\"_self\"><span style=\"color:#FFFFFF;padding:0px 16px;font-size:13px;line-height:26px;border-color:#f9a37e;border-radius:5px;text-shadow:none\"> D\u00fcsseldorf<\/span><\/a> <a href=\"https:\/\/reise-n.com\/reisen\/pauschalreisen\/deutschland\/hannover\/\" class=\"su-button su-button-style-3d\" style=\"color:#FFFFFF;background-color:#2fb4c5;border-color:#26909e;border-radius:5px\" target=\"_self\"><span style=\"color:#FFFFFF;padding:0px 16px;font-size:13px;line-height:26px;border-color:#6ecbd7;border-radius:5px;text-shadow:none\"> Hannover<\/span><\/a> <a href=\"https:\/\/reise-n.com\/reisen\/pauschalreisen\/deutschland\/frankfurt-hahn\/\" class=\"su-button su-button-style-3d\" style=\"color:#FFFFFF;background-color:#f67b46;border-color:#c56338;border-radius:5px\" target=\"_self\"><span style=\"color:#FFFFFF;padding:0px 16px;font-size:13px;line-height:26px;border-color:#f9a37e;border-radius:5px;text-shadow:none\"> Frankfurt-Hahn<\/span><\/a> <a href=\"https:\/\/reise-n.com\/reisen\/pauschalreisen\/deutschland\/karlsruhe\/\" class=\"su-button su-button-style-3d\" style=\"color:#FFFFFF;background-color:#2fb4c5;border-color:#26909e;border-radius:5px\" target=\"_self\"><span style=\"color:#FFFFFF;padding:0px 16px;font-size:13px;line-height:26px;border-color:#6ecbd7;border-radius:5px;text-shadow:none\"> Karlsruhe<\/span><\/a> <a href=\"https:\/\/reise-n.com\/reisen\/pauschalreisen\/deutschland\/saarbruecken\/\" class=\"su-button su-button-style-3d\" style=\"color:#FFFFFF;background-color:#f67b46;border-color:#c56338;border-radius:5px\" target=\"_self\"><span style=\"color:#FFFFFF;padding:0px 16px;font-size:13px;line-height:26px;border-color:#f9a37e;border-radius:5px;text-shadow:none\"> Saarbr\u00fccken<\/span><\/a> <a href=\"https:\/\/reise-n.com\/reisen\/pauschalreisen\/deutschland\/zweibruecken\/\" class=\"su-button su-button-style-3d\" style=\"color:#FFFFFF;background-color:#2fb4c5;border-color:#26909e;border-radius:5px\" target=\"_self\"><span style=\"color:#FFFFFF;padding:0px 16px;font-size:13px;line-height:26px;border-color:#6ecbd7;border-radius:5px;text-shadow:none\"> Zweibr\u00fccken<\/span><\/a>\n<\/p><\/div>\n<div class=\"tabbertab\">\n<h3>Wetter<\/h3>\n<table border=\"1\">\n<tr>\n<th align=\"left\"   valign=\"top\" width=\"200\" height=\"75\">\n<a href=\"https:\/\/www.weatheronline.co.uk\/cgi-bin\/homecif?WMO=15552&#038;L=en&#038;WIDTH=180&#038;HEIGHT=150&#038;CLOUD=1&#038;V=2\" target=\"Angebote\" id=\"myfavorite\"><\/p>\n<h4>Wetter<\/h4>\n<p><\/a><\/p>\n<hr \/>\n<p><br clear=all><\/p>\n<\/th>\n<th align=\"center\" valign=\"top\" width=\"200\"> <center><\/p>\n<h5>Wettervorhersage<\/h5>\n<p><\/center><\/p>\n<p><iframe loading=\"lazy\" width=\"300\" height=\"300\" src=\"https:\/\/www.weatheronline.co.uk\/cgi-bin\/homecif?WMO=15552&#038;L=en&#038;WIDTH=180&#038;HEIGHT=150&#038;CLOUD=1&#038;V=2\" name=\"Angebote\" scrolling=\"auto\"><\/iframe>\n<\/th>\n<th align=\"right\"  valign=\"top\" width=\"0\"><\/th>\n<\/tr>\n<\/tr>\n<\/table>\n<\/div>\n<div class=\"tabbertab\">\n<h3>Karte<\/h3>\n<div class=\"su-gmap su-u-responsive-media-yes\"><iframe loading=\"lazy\" width=\"580\" height=\"400\" src=\"\/\/maps.google.com\/maps?q=Albena&amp;output=embed\" title=\"\"><\/iframe><\/div>\n<p><font size=\"1\" color=\"#f4eeee\"><br \/>\n<marquee><b>Angebote: 1 Tag, 2 Tage, 3 Tage, 4 Tage, 5 Tage, 6 Tage, 7 Tage, 8 Tage, 9 Tage, 10 Tage, 11 Tage, 12 Tage, 13 Tage, 14 Tage, 15 Tage, 16 Tage, 17 Tage, 18 Tage, 19 Tage, 20 Tage, 21 Tage, 1 Woche, 2 Wochen, 3 Wochen, 4 Wochen, Reiseangebote unter 100 unter 200 unter 300 unter 400 unter 500 Euro 600 unter 700 unter 800, 900, 1000, 1100, bis 1200, bis 1300, bis 1400, bis 1500, bis 1600, bis 1700, bis 1800, bis 1900, bis 2000, bis 2100, bis 2200, bis 2300, bis 2400, bis 2500, bis 2600, bis 2700 Pro Person <\/b><\/marquee><\/font> <\/p>\n<\/p>\n<\/div>\n<\/div>\n","protected":false},"excerpt":{"rendered":"<p>Angebot Pauschal mit Flug ab 403.- \u20ac Ihr Browser kann leider keine eingebetteten Frames anzeigen: Sie k&ouml;nnen die eingebettete Seite &uuml;ber den folgenden Verweis aufrufen: Eigene Anreise Ihr Browser kann leider keine eingebetteten Frames anzeigen: Sie k&ouml;nnen die eingebettete Seite &hellip; <a href=\"https:\/\/reise-n.com\/reisen\/pauschalreisen\/bulgarien\/albena\/hotel-nona\/\">Weiterlesen <span class=\"meta-nav\">&rarr;<\/span><\/a><\/p>\n","protected":false},"author":1,"featured_media":0,"parent":6402,"menu_order":0,"comment_status":"closed","ping_status":"open","template":"sidebar-page.php","meta":{"footnotes":""},"class_list":["post-6408","page","type-page","status-publish","hentry"],"_links":{"self":[{"href":"https:\/\/reise-n.com\/reisen\/wp-json\/wp\/v2\/pages\/6408","targetHints":{"allow":["GET"]}}],"collection":[{"href":"https:\/\/reise-n.com\/reisen\/wp-json\/wp\/v2\/pages"}],"about":[{"href":"https:\/\/reise-n.com\/reisen\/wp-json\/wp\/v2\/types\/page"}],"author":[{"embeddable":true,"href":"https:\/\/reise-n.com\/reisen\/wp-json\/wp\/v2\/users\/1"}],"replies":[{"embeddable":true,"href":"https:\/\/reise-n.com\/reisen\/wp-json\/wp\/v2\/comments?post=6408"}],"version-history":[{"count":3,"href":"https:\/\/reise-n.com\/reisen\/wp-json\/wp\/v2\/pages\/6408\/revisions"}],"predecessor-version":[{"id":6412,"href":"https:\/\/reise-n.com\/reisen\/wp-json\/wp\/v2\/pages\/6408\/revisions\/6412"}],"up":[{"embeddable":true,"href":"https:\/\/reise-n.com\/reisen\/wp-json\/wp\/v2\/pages\/6402"}],"wp:attachment":[{"href":"https:\/\/reise-n.com\/reisen\/wp-json\/wp\/v2\/media?parent=6408"}],"curies":[{"name":"wp","href":"https:\/\/api.w.org\/{rel}","templated":true}]}}