{"id":470,"date":"2012-10-11T19:20:33","date_gmt":"2012-10-11T17:20:33","guid":{"rendered":"http:\/\/1reisen.com\/?page_id=470"},"modified":"2022-09-24T18:46:10","modified_gmt":"2022-09-24T16:46:10","slug":"deutschland","status":"publish","type":"page","link":"https:\/\/reise-n.com\/reisen\/pauschalreisen\/deutschland\/","title":{"rendered":"Deutschland"},"content":{"rendered":"<h3>Pauschalreise Deutschland Urlaub g\u00fcnstig buchen<\/h3>\n<div class=\"tabber\">\n<div class=\"tabbertab\">\n<h3>Eigene Anreise S\u00fcd<\/h3>\n<p><tbe page=\"region\" param-pid=\"A-27654-0\" param-cntry=\"3003\" param-ngn=\"hotel\"><\/p>\n<div class=\"tbe-loading\"><\/div>\n<p><\/tbe>\n<\/div>\n<div class=\"tabbertab\">\n<h3>DE Ost<\/h3>\n<p><iframe loading=\"lazy\" id=\"tbeIFrame\" src=\"https:\/\/tbe.travelsystem.de\/index.html#\/region?ngn=hotel&#038;pid=A-27654-0&#038;cntry=3002&#038;rgn=&#038;cty=&#038;cur=\" width=\"100%\" height=\"4000\"><\/iframe>\n<\/div>\n<div class=\"tabbertab\">\n<h3>DE Nord<\/h3>\n<p><iframe loading=\"lazy\" id=\"tbeIFrame\" src=\"https:\/\/tbe.travelsystem.de\/index.html#\/region?ngn=hotel&#038;pid=A-27654-0&#038;cntry=3001&#038;rgn=&#038;cty=&#038;cur=\" width=\"100%\" height=\"4000\"><\/iframe>\n<\/div>\n<div class=\"tabbertab\">\n<h3>DE West<\/h3>\n<p><iframe loading=\"lazy\" id=\"tbeIFrame\" src=\"https:\/\/tbe.travelsystem.de\/index.html#\/region?ngn=hotel&#038;pid=A-27654-0&#038;cntry=3004&#038;rgn=&#038;cty=&#038;cur=\" width=\"100%\" height=\"4000\"><\/iframe>\n<\/div>\n<div class=\"tabbertab\">\n<h3>DE mit Flug<\/h3>\n<p><strong>Pauschalangebote<\/strong><br \/>\n<iframe loading=\"lazy\" id=\"tbeIFrame\" src=\"https:\/\/tbe.travelsystem.de\/index.html#\/region?ngn=package&#038;pid=A-27654-0&#038;cntry=3001&#038;rgn=&#038;cty=&#038;cur=\" width=\"100%\" height=\"4000\"><\/iframe>\n<\/div>\n<p><center><\/p>\n<h3>Billige Reiseangebote Ostsee Nordsee Berlin Bayern Bayerischer Wald Schwarzwald Alpen Brandenburg Th\u00fcringen Sachsen Mecklenburg Schleswig-Holstein Bremen Hamburg Niedersachsen Nordrhein-Westfalen Hessen Rheinland-Pfalz Saarland Baden-W\u00fcrttemberg 1 2 3 4 5 Sterne Hotel mit Fr\u00fchst\u00fcck Halbpension All-inclusive Hotels Pensionen<\/h3>\n<p><br\/ ><br\/ ><br \/>\n<strong><em>last-minute Pauschalreise Deutschland billig buchen<\/em><\/strong><br \/>\n<\/center>\n<\/div>\n<\/div>\n<p><\/center><\/p>\n<div class=\"tabber\">\n<div class=\"tabbertab\">\n<h3>Info<\/h3>\n<p>\n<a href=\"https:\/\/reise-n.com\/reisen\/pauschalreisen\/deutschland\/\" class=\"su-button su-button-style-3d\" style=\"color:#FFFFFF;background-color:#2fb4c5;border-color:#26909e;border-radius:5px\" target=\"_self\"><span style=\"color:#FFFFFF;padding:0px 16px;font-size:13px;line-height:26px;border-color:#6ecbd7;border-radius:5px;text-shadow:none\"> Deutschland<\/span><\/a> <a href=\"https:\/\/reise-n.com\/reisen\/pauschalreisen\/deutschland\/ostsee\/\" class=\"su-button su-button-style-3d\" style=\"color:#FFFFFF;background-color:#f67b46;border-color:#c56338;border-radius:5px\" target=\"_self\"><span style=\"color:#FFFFFF;padding:0px 16px;font-size:13px;line-height:26px;border-color:#f9a37e;border-radius:5px;text-shadow:none\"> Ostsee<\/span><\/a> <a href=\"https:\/\/reise-n.com\/reisen\/pauschalreisen\/deutschland\/bayerischen-wald\/\" class=\"su-button su-button-style-3d\" style=\"color:#FFFFFF;background-color:#2fb4c5;border-color:#26909e;border-radius:5px\" target=\"_self\"><span style=\"color:#FFFFFF;padding:0px 16px;font-size:13px;line-height:26px;border-color:#6ecbd7;border-radius:5px;text-shadow:none\"> Bayerischen Wald<\/span><\/a> <a href=\"https:\/\/reise-n.com\/reisen\/pauschalreisen\/deutschland\/berlin\/\" class=\"su-button su-button-style-3d\" style=\"color:#FFFFFF;background-color:#f67b46;border-color:#c56338;border-radius:5px\" target=\"_self\"><span style=\"color:#FFFFFF;padding:0px 16px;font-size:13px;line-height:26px;border-color:#f9a37e;border-radius:5px;text-shadow:none\"> Berlin<\/span><\/a> <a href=\"https:\/\/reise-n.com\/reisen\/pauschalreisen\/deutschland\/nordsee\/\" class=\"su-button su-button-style-3d\" style=\"color:#FFFFFF;background-color:#2fb4c5;border-color:#26909e;border-radius:5px\" target=\"_self\"><span style=\"color:#FFFFFF;padding:0px 16px;font-size:13px;line-height:26px;border-color:#6ecbd7;border-radius:5px;text-shadow:none\"> Nordsee<\/span><\/a> <a href=\"https:\/\/reise-n.com\/reisen\/pauschalreisen\/deutschland\/hamburg\/\" class=\"su-button su-button-style-3d\" style=\"color:#FFFFFF;background-color:#f67b46;border-color:#c56338;border-radius:5px\" target=\"_self\"><span style=\"color:#FFFFFF;padding:0px 16px;font-size:13px;line-height:26px;border-color:#f9a37e;border-radius:5px;text-shadow:none\"> Hamburg<\/span><\/a> <a href=\"https:\/\/reise-n.com\/reisen\/pauschalreisen\/deutschland\/frankfurt\/\" class=\"su-button su-button-style-3d\" style=\"color:#FFFFFF;background-color:#2fb4c5;border-color:#26909e;border-radius:5px\" target=\"_self\"><span style=\"color:#FFFFFF;padding:0px 16px;font-size:13px;line-height:26px;border-color:#6ecbd7;border-radius:5px;text-shadow:none\"> Frankfurt<\/span><\/a> <a href=\"https:\/\/reise-n.com\/reisen\/pauschalreisen\/deutschland\/muenchen\/\" class=\"su-button su-button-style-3d\" style=\"color:#FFFFFF;background-color:#f67b46;border-color:#c56338;border-radius:5px\" target=\"_self\"><span style=\"color:#FFFFFF;padding:0px 16px;font-size:13px;line-height:26px;border-color:#f9a37e;border-radius:5px;text-shadow:none\"> M\u00fcnchen<\/span><\/a> <a href=\"https:\/\/reise-n.com\/reisen\/pauschalreisen\/deutschland\/koeln\/\" class=\"su-button su-button-style-3d\" style=\"color:#FFFFFF;background-color:#2fb4c5;border-color:#26909e;border-radius:5px\" target=\"_self\"><span style=\"color:#FFFFFF;padding:0px 16px;font-size:13px;line-height:26px;border-color:#6ecbd7;border-radius:5px;text-shadow:none\"> K\u00f6ln<\/span><\/a> <a href=\"https:\/\/reise-n.com\/reisen\/pauschalreisen\/deutschland\/leipzig\/\" class=\"su-button su-button-style-3d\" style=\"color:#FFFFFF;background-color:#f67b46;border-color:#c56338;border-radius:5px\" target=\"_self\"><span style=\"color:#FFFFFF;padding:0px 16px;font-size:13px;line-height:26px;border-color:#f9a37e;border-radius:5px;text-shadow:none\"> Leipzig<\/span><\/a> <a href=\"https:\/\/reise-n.com\/reisen\/pauschalreisen\/deutschland\/dresden\/\" class=\"su-button su-button-style-3d\" style=\"color:#FFFFFF;background-color:#2fb4c5;border-color:#26909e;border-radius:5px\" target=\"_self\"><span style=\"color:#FFFFFF;padding:0px 16px;font-size:13px;line-height:26px;border-color:#6ecbd7;border-radius:5px;text-shadow:none\"> Dresden<\/span><\/a> <a href=\"https:\/\/reise-n.com\/reisen\/pauschalreisen\/deutschland\/bremen\/\" class=\"su-button su-button-style-3d\" style=\"color:#FFFFFF;background-color:#f67b46;border-color:#c56338;border-radius:5px\" target=\"_self\"><span style=\"color:#FFFFFF;padding:0px 16px;font-size:13px;line-height:26px;border-color:#f9a37e;border-radius:5px;text-shadow:none\"> Bremen<\/span><\/a> <a href=\"https:\/\/reise-n.com\/reisen\/pauschalreisen\/deutschland\/nuernberg\/\" class=\"su-button su-button-style-3d\" style=\"color:#FFFFFF;background-color:#2fb4c5;border-color:#26909e;border-radius:5px\" target=\"_self\"><span style=\"color:#FFFFFF;padding:0px 16px;font-size:13px;line-height:26px;border-color:#6ecbd7;border-radius:5px;text-shadow:none\"> N\u00fcrnberg<\/span><\/a> <a href=\"https:\/\/reise-n.com\/reisen\/pauschalreisen\/deutschland\/rostock\/\" class=\"su-button su-button-style-3d\" style=\"color:#FFFFFF;background-color:#f67b46;border-color:#c56338;border-radius:5px\" target=\"_self\"><span style=\"color:#FFFFFF;padding:0px 16px;font-size:13px;line-height:26px;border-color:#f9a37e;border-radius:5px;text-shadow:none\"> Rostock<\/span><\/a> <a href=\"https:\/\/reise-n.com\/reisen\/pauschalreisen\/deutschland\/stuttgart\/\" class=\"su-button su-button-style-3d\" style=\"color:#FFFFFF;background-color:#2fb4c5;border-color:#26909e;border-radius:5px\" target=\"_self\"><span style=\"color:#FFFFFF;padding:0px 16px;font-size:13px;line-height:26px;border-color:#6ecbd7;border-radius:5px;text-shadow:none\"> Stuttgart<\/span><\/a> <a href=\"https:\/\/reise-n.com\/reisen\/pauschalreisen\/deutschland\/duesseldorf\/\" class=\"su-button su-button-style-3d\" style=\"color:#FFFFFF;background-color:#f67b46;border-color:#c56338;border-radius:5px\" target=\"_self\"><span style=\"color:#FFFFFF;padding:0px 16px;font-size:13px;line-height:26px;border-color:#f9a37e;border-radius:5px;text-shadow:none\"> D\u00fcsseldorf<\/span><\/a> <a href=\"https:\/\/reise-n.com\/reisen\/pauschalreisen\/deutschland\/hannover\/\" class=\"su-button su-button-style-3d\" style=\"color:#FFFFFF;background-color:#2fb4c5;border-color:#26909e;border-radius:5px\" target=\"_self\"><span style=\"color:#FFFFFF;padding:0px 16px;font-size:13px;line-height:26px;border-color:#6ecbd7;border-radius:5px;text-shadow:none\"> Hannover<\/span><\/a> <a href=\"https:\/\/reise-n.com\/reisen\/pauschalreisen\/deutschland\/frankfurt-hahn\/\" class=\"su-button su-button-style-3d\" style=\"color:#FFFFFF;background-color:#f67b46;border-color:#c56338;border-radius:5px\" target=\"_self\"><span style=\"color:#FFFFFF;padding:0px 16px;font-size:13px;line-height:26px;border-color:#f9a37e;border-radius:5px;text-shadow:none\"> Frankfurt-Hahn<\/span><\/a> <a href=\"https:\/\/reise-n.com\/reisen\/pauschalreisen\/deutschland\/karlsruhe\/\" class=\"su-button su-button-style-3d\" style=\"color:#FFFFFF;background-color:#2fb4c5;border-color:#26909e;border-radius:5px\" target=\"_self\"><span style=\"color:#FFFFFF;padding:0px 16px;font-size:13px;line-height:26px;border-color:#6ecbd7;border-radius:5px;text-shadow:none\"> Karlsruhe<\/span><\/a> <a href=\"https:\/\/reise-n.com\/reisen\/pauschalreisen\/deutschland\/saarbruecken\/\" class=\"su-button su-button-style-3d\" style=\"color:#FFFFFF;background-color:#f67b46;border-color:#c56338;border-radius:5px\" target=\"_self\"><span style=\"color:#FFFFFF;padding:0px 16px;font-size:13px;line-height:26px;border-color:#f9a37e;border-radius:5px;text-shadow:none\"> Saarbr\u00fccken<\/span><\/a> <a href=\"https:\/\/reise-n.com\/reisen\/pauschalreisen\/deutschland\/zweibruecken\/\" class=\"su-button su-button-style-3d\" style=\"color:#FFFFFF;background-color:#2fb4c5;border-color:#26909e;border-radius:5px\" target=\"_self\"><span style=\"color:#FFFFFF;padding:0px 16px;font-size:13px;line-height:26px;border-color:#6ecbd7;border-radius:5px;text-shadow:none\"> Zweibr\u00fccken<\/span><\/a> <a href=\"https:\/\/reise-n.com\/reisen\/pauschalreisen\/deutschland\/erfurt\/\" class=\"su-button su-button-style-3d\" style=\"color:#FFFFFF;background-color:#f67b46;border-color:#c56338;border-radius:5px\" target=\"_self\"><span style=\"color:#FFFFFF;padding:0px 16px;font-size:13px;line-height:26px;border-color:#f9a37e;border-radius:5px;text-shadow:none\"> Erfurt<\/span><\/a> <a href=\"https:\/\/reise-n.com\/reisen\/pauschalreisen\/deutschland\/weeze\/\" class=\"su-button su-button-style-3d\" style=\"color:#FFFFFF;background-color:#2fb4c5;border-color:#26909e;border-radius:5px\" target=\"_self\"><span style=\"color:#FFFFFF;padding:0px 16px;font-size:13px;line-height:26px;border-color:#6ecbd7;border-radius:5px;text-shadow:none\"> Weeze<\/span><\/a> <a href=\"https:\/\/reise-n.com\/reisen\/pauschalreisen\/deutschland\/memmingen\/\" class=\"su-button su-button-style-3d\" style=\"color:#FFFFFF;background-color:#f67b46;border-color:#c56338;border-radius:5px\" target=\"_self\"><span style=\"color:#FFFFFF;padding:0px 16px;font-size:13px;line-height:26px;border-color:#f9a37e;border-radius:5px;text-shadow:none\"> Memmingen<\/span><\/a>\n\n<\/div>\n<div class=\"tabbertab\">\n<h3>Wetter<\/h3>\n<table border=\"0\">\n<tr>\n<th align=\"left\" valign=\"top\" width=\"200\" height=\"75\">\n<a href=\"https:\/\/www.weatheronline.co.uk\/cgi-bin\/homecif?WMO=10384&#038;L=en&#038;WIDTH=180&#038;HEIGHT=150&#038;CLOUD=1&#038;V=2\" target=\"Angebote\" id=\"myfavorite\" rel=\"noopener\"><\/p>\n<h4>Wetter<\/h4>\n<p><\/a><\/p>\n<hr \/>\n<p><br clear=all><\/p>\n<\/th>\n<th align=\"center\" valign=\"top\" width=\"200\"> <center><\/p>\n<h5>Wettervorhersage<\/h5>\n<p><\/center><\/p>\n<p><iframe loading=\"lazy\" frameborder=\"0\" width=\"300\" height=\"300\" src=\"https:\/\/www.weatheronline.co.uk\/cgi-bin\/homecif?WMO=10384&#038;L=en&#038;WIDTH=180&#038;HEIGHT=150&#038;CLOUD=1&#038;V=2\" name=\"Angebote\" scrolling=\"auto\"><\/iframe>\n<\/th>\n<th align=\"right\"  valign=\"top\" width=\"0\"><\/th>\n<\/tr>\n<\/tr>\n<\/table>\n<\/div>\n<div class=\"tabbertab\">\n<h3>Karte<\/h3>\n<div class=\"su-gmap su-u-responsive-media-yes\"><iframe loading=\"lazy\" width=\"500\" height=\"400\" src=\"\/\/maps.google.com\/maps?q=Germany&amp;output=embed\" title=\"\"><\/iframe><\/div><\/div>\n<div class=\"tabbertab\">\n<h3>. <\/h3>\n<p><font size=\"1\" color=\"#f4eeee\"><br \/>\n<marquee><b>Angebote: 1 Tag, 2 Tage, 3 Tage, 4 Tage, 5 Tage, 6 Tage, 7 Tage, 8 Tage, 9 Tage, 10 Tage, 11 Tage, 12 Tage, 13 Tage, 14 Tage, 15 Tage, 16 Tage, 17 Tage, 18 Tage, 19 Tage, 20 Tage, 21 Tage, 1 Woche, 2 Wochen, 3 Wochen, 4 Wochen, Reise unter 100 unter 200 unter 300 unter 400 unter 500 Euro 600 unter 700 unter 800, 900, 1000, 1100, bis 1200, bis 1300, bis 1400, bis 1500, bis 1600, bis 1700, bis 1800, bis 1900, bis 2000, bis 2100, bis 2200, bis 2300, bis 2400, bis 2500, bis 2600, bis 2700 Pro Person <\/b><\/marquee><\/font> <\/p>\n<\/p>\n<\/div>\n<\/div>\n","protected":false},"excerpt":{"rendered":"<p>Pauschalreise Deutschland Urlaub g\u00fcnstig buchen Eigene Anreise S\u00fcd DE Ost DE Nord DE West DE mit Flug Pauschalangebote Billige Reiseangebote Ostsee Nordsee Berlin Bayern Bayerischer Wald Schwarzwald Alpen Brandenburg Th\u00fcringen Sachsen Mecklenburg Schleswig-Holstein Bremen Hamburg Niedersachsen Nordrhein-Westfalen Hessen Rheinland-Pfalz Saarland &hellip; <a href=\"https:\/\/reise-n.com\/reisen\/pauschalreisen\/deutschland\/\">Weiterlesen <span class=\"meta-nav\">&rarr;<\/span><\/a><\/p>\n","protected":false},"author":1,"featured_media":0,"parent":32,"menu_order":20,"comment_status":"closed","ping_status":"open","template":"","meta":{"footnotes":""},"class_list":["post-470","page","type-page","status-publish","hentry"],"_links":{"self":[{"href":"https:\/\/reise-n.com\/reisen\/wp-json\/wp\/v2\/pages\/470","targetHints":{"allow":["GET"]}}],"collection":[{"href":"https:\/\/reise-n.com\/reisen\/wp-json\/wp\/v2\/pages"}],"about":[{"href":"https:\/\/reise-n.com\/reisen\/wp-json\/wp\/v2\/types\/page"}],"author":[{"embeddable":true,"href":"https:\/\/reise-n.com\/reisen\/wp-json\/wp\/v2\/users\/1"}],"replies":[{"embeddable":true,"href":"https:\/\/reise-n.com\/reisen\/wp-json\/wp\/v2\/comments?post=470"}],"version-history":[{"count":35,"href":"https:\/\/reise-n.com\/reisen\/wp-json\/wp\/v2\/pages\/470\/revisions"}],"predecessor-version":[{"id":8860,"href":"https:\/\/reise-n.com\/reisen\/wp-json\/wp\/v2\/pages\/470\/revisions\/8860"}],"up":[{"embeddable":true,"href":"https:\/\/reise-n.com\/reisen\/wp-json\/wp\/v2\/pages\/32"}],"wp:attachment":[{"href":"https:\/\/reise-n.com\/reisen\/wp-json\/wp\/v2\/media?parent=470"}],"curies":[{"name":"wp","href":"https:\/\/api.w.org\/{rel}","templated":true}]}}