{"id":2743,"date":"2014-05-15T15:29:36","date_gmt":"2014-05-15T13:29:36","guid":{"rendered":"http:\/\/1reisen.com\/?page_id=2743"},"modified":"2015-01-07T06:52:40","modified_gmt":"2015-01-07T04:52:40","slug":"berlin","status":"publish","type":"page","link":"https:\/\/reise-n.com\/reisen\/pauschalreisen\/deutschland\/berlin\/","title":{"rendered":"Berlin"},"content":{"rendered":"<h3>Pauschalreisen Berlin Urlaub g\u00fcnstig buchen<\/h3>\n<div class=\"tabber\">\n<div class=\"tabbertab\">\n<h3>Pauschalangebote<\/h3>\n<p>bei eigener Anreise<br \/>\n<iframe loading=\"lazy\" frameborder=\"0\" src=\"https:\/\/comfort.traffics-ibe.com\/tibet.php?cfg=0080010080000000&#038;rmask=1&#038;hmask=1&#038;stp=2&#038;vnd=2&#038;bsd=180&#038;ref=22571&#038;ixp=hotel&#038;typ=H&#038;epc=2&#038;dsi=SXF&#038;col=weiss-orange\" width=\"620\" height=\"3000\" name=\"Pauschalangebotenber\"><\/p>\n<p>Ihr Browser kann leider keine eingebetteten Frames anzeigen:<br \/>\n  Sie k&ouml;nnen die eingebettete Seite &uuml;ber den folgenden Verweis<br \/>\n  aufrufen: <a href=\"https:\/\/comfort.traffics-ibe.com\/tibet.php?cfg=0080010080000000&#038;rmask=1&#038;hmask=1&#038;stp=2&#038;vnd=2&#038;bsd=180&#038;ref=22571&#038;ixp=hotel&#038;typ=H&#038;epc=2&#038;dsi=SXF&#038;col=weiss-orange\">Pauschalurlaub<\/a><br \/>\n<\/iframe><br \/>\n<center><\/p>\n<h3>Billige Reiseangebote Mitte Sch\u00f6nefeld Friedrichshain-Kreuzberg Tempelhof-Sch\u00f6neberg Charlottenburg-Wilmersdorf Marzahn-Hellersdorf Treptow-K\u00f6penick Neuk\u00f6lln Lichtenberg Pankow Reinickendorf Spandau Wannsee Steglitz-Zehlendorf Spreewald Potsdam im 1 2 3 4 5 Sterne Hotels Angebote mit Fr\u00fchst\u00fcck Halbpension oder All-inclusive Hotels &#8211; FlussKreuzfahrt<\/h3>\n<p><br\/ ><br\/ ><br \/>\n<strong><em>last-minute Pauschalreise billig buchen 1 2 3 4 5 Sterne Hotel Flug &#8211; Berlin Reise<\/em><\/strong><br \/>\n<\/center>\n<\/div>\n<div class=\"tabbertab\">\n<h3>Pauschal mit Flug<\/h3>\n<p>Pauschalangebote Unterkunft mit Flugticket<br \/>\n<iframe loading=\"lazy\" frameborder=\"0\" src=\"https:\/\/comfort.traffics-ibe.com\/tibet.php?cfg=0080010080000000&#038;rmask=1&#038;hmask=1&#038;stp=2&#038;vnd=2&#038;bsd=180&#038;ref=22571&#038;ixp=pauschal&#038;typ=P&#038;epc=2&#038;dsi=TXL&#038;col=weiss-orange\" width=\"620\" height=\"3000\" name=\"Pauschalangebotenber\"><\/p>\n<p>Ihr Browser kann leider keine eingebetteten Frames anzeigen:<br \/>\n  Sie k&ouml;nnen die eingebettete Seite &uuml;ber den folgenden Verweis<br \/>\n  aufrufen: <a href=\"https:\/\/comfort.traffics-ibe.com\/tibet.php?cfg=0080010080000000&#038;rmask=1&#038;hmask=1&#038;stp=2&#038;vnd=2&#038;bsd=180&#038;ref=22571&#038;ixp=pauschal&#038;typ=P&#038;epc=2&#038;dsi=TXL&#038;col=weiss-orange\">Pauschalurlaub<\/a><br \/>\n<\/iframe>\n<\/div>\n<div class=\"tabbertab\">\n<h3>Hotelsuche<\/h3>\n<p><script type='text\/javascript' src='https:\/\/sbhc.portalhc.com\/20836\/SearchBox\/416065'><\/script>\n<\/div>\n<div class=\"tabbertab\">\n<h3>Flugticket<\/h3>\n<p><script type=\"text\/javascript\" src=\"#\"><\/script><br \/>\n<script type=\"text\/javascript\">setClient(\"17\");<\/script><br \/>\n<script type=\"text\/javascript\">setActions(\"clients-noh-de\");<\/script><br \/>\n<script type=\"text\/javascript\">initMEVLieux(\"\",\" \");<\/script><br \/>\n<script type=\"text\/javascript\">setTargetFormMEV(\"_blank\");<\/script>\n<\/div>\n<\/div>\n<div class=\"tabber\">\n<div class=\"tabbertab\">\n<h3>Info<\/h3>\n<a href=\"https:\/\/reise-n.com\/reisen\/pauschalreisen\/deutschland\/ostsee\/\" class=\"su-button su-button-style-3d\" style=\"color:#FFFFFF;background-color:#2fb4c5;border-color:#26909e;border-radius:5px\" target=\"_self\"><span style=\"color:#FFFFFF;padding:0px 16px;font-size:13px;line-height:26px;border-color:#6ecbd7;border-radius:5px;text-shadow:0 1px 1px #1d6c77\"> Ostsee Urlaub<\/span><\/a> <a href=\"https:\/\/reise-n.com\/reisen\/pauschalreisen\/deutschland\/bayerischen-wald\/\" class=\"su-button su-button-style-3d\" style=\"color:#FFFFFF;background-color:#fb5c04;border-color:#c94a04;border-radius:5px\" target=\"_self\"><span style=\"color:#FFFFFF;padding:0px 16px;font-size:13px;line-height:26px;border-color:#fd8d50;border-radius:5px;text-shadow:0 1px 1px #973803\"> Bayerischen Wald<\/span><\/a> <a href=\"https:\/\/reise-n.com\/reisen\/pauschalreisen\/deutschland\/muenchen\/\" class=\"su-button su-button-style-3d\" style=\"color:#FFFFFF;background-color:#2fb4c5;border-color:#26909e;border-radius:5px\" target=\"_self\"><span style=\"color:#FFFFFF;padding:0px 16px;font-size:13px;line-height:26px;border-color:#6ecbd7;border-radius:5px;text-shadow:none\"> M\u00fcnchen<\/span><\/a> <a href=\"https:\/\/reise-n.com\/reisen\/pauschalreisen\/deutschland\/nordsee\/\" class=\"su-button su-button-style-3d\" style=\"color:#FFFFFF;background-color:#fb5c04;border-color:#c94a04;border-radius:5px\" target=\"_self\"><span style=\"color:#FFFFFF;padding:0px 16px;font-size:13px;line-height:26px;border-color:#fd8d50;border-radius:5px;text-shadow:none\"> Nordsee<\/span><\/a> <a href=\"https:\/\/reise-n.com\/reisen\/pauschalreisen\/deutschland\/hamburg\/\" class=\"su-button su-button-style-3d\" style=\"color:#FFFFFF;background-color:#2fb4c5;border-color:#26909e;border-radius:5px\" target=\"_self\"><span style=\"color:#FFFFFF;padding:0px 16px;font-size:13px;line-height:26px;border-color:#6ecbd7;border-radius:5px;text-shadow:none\"> Hamburg<\/span><\/a> <a href=\"https:\/\/reise-n.com\/reisen\/pauschalreisen\/deutschland\/frankfurt\/\" class=\"su-button su-button-style-3d\" style=\"color:#FFFFFF;background-color:#fb5c04;border-color:#c94a04;border-radius:5px\" target=\"_self\"><span style=\"color:#FFFFFF;padding:0px 16px;font-size:13px;line-height:26px;border-color:#fd8d50;border-radius:5px;text-shadow:none\"> Frankfurt<\/span><\/a> <a href=\"https:\/\/reise-n.com\/reisen\/pauschalreisen\/deutschland\/\" class=\"su-button su-button-style-3d\" style=\"color:#FFFFFF;background-color:#2fb4c5;border-color:#26909e;border-radius:5px\" target=\"_self\"><span style=\"color:#FFFFFF;padding:0px 16px;font-size:13px;line-height:26px;border-color:#6ecbd7;border-radius:5px;text-shadow:0 1px 1px #1d6c77\"> Deutschland Urlaub<\/span><\/a> <a href=\"https:\/\/reise-n.com\/reisen\/pauschalreisen\/deutschland\/schwarzwald\/\" class=\"su-button su-button-style-3d\" style=\"color:#FFFFFF;background-color:#fb5c04;border-color:#c94a04;border-radius:5px\" target=\"_self\"><span style=\"color:#FFFFFF;padding:0px 16px;font-size:13px;line-height:26px;border-color:#fd8d50;border-radius:5px;text-shadow:none\"> Schwarzwald<\/span><\/a> <\/p>\n<a href=\"https:\/\/reise-n.com\/reisen\/pauschalreisen\/europa\/\" class=\"su-button su-button-style-3d\" style=\"color:#FFFFFF;background-color:#057bbf;border-color:#046399;border-radius:5px\" target=\"_self\"><span style=\"color:#FFFFFF;padding:0px 16px;font-size:13px;line-height:26px;border-color:#50a3d3;border-radius:5px;text-shadow:0 1px 1px #034a73\"> Urlaub in Europa<\/span><\/a><\/div>\n<div class=\"tabbertab\">\n<h3>Wetter<\/h3>\n<table border=\"0\">\n<tr>\n<th align=\"left\" valign=\"top\" width=\"200\" height=\"75\">\n<a href=\"https:\/\/www.weatheronline.co.uk\/cgi-bin\/homecif?WMO=10384&#038;L=en&#038;WIDTH=180&#038;HEIGHT=150&#038;CLOUD=1&#038;V=2\" target=\"Angebote\" id=\"myfavorite\"><\/p>\n<h4>Wetter<\/h4>\n<p><\/a><\/p>\n<hr \/>\n<p><br clear=all><\/p>\n<\/th>\n<th align=\"center\" valign=\"top\" width=\"157\"> <center><\/p>\n<h5>Wettervorhersage<\/h5>\n<p><\/center><\/p>\n<p><iframe loading=\"lazy\" frameborder=\"0\" width=\"187\" height=\"300\" src=\"https:\/\/www.weatheronline.co.uk\/cgi-bin\/homecif?WMO=10384&#038;L=en&#038;WIDTH=180&#038;HEIGHT=150&#038;CLOUD=1&#038;V=2\" name=\"Angebote\" scrolling=\"auto\"><\/iframe>\n<\/th>\n<th align=\"right\"  valign=\"top\" width=\"0\"><\/th>\n<\/tr>\n<\/tr>\n<\/table>\n<\/div>\n<div class=\"tabbertab\">\n<h3>Karte<\/h3>\n<div class=\"su-gmap su-u-responsive-media-yes\"><iframe loading=\"lazy\" width=\"550\" height=\"450\" src=\"\/\/maps.google.com\/maps?q=Flughafen%20Sch%C3%B6nefeld&amp;output=embed\" title=\"\"><\/iframe><\/div>\n<p><font size=\"1\" color=\"#f4eeee\"><br \/>\n<marquee><b>Angebote: 1 Tag, 2 Tage, 3 Tage, 4 Tage, 5 Tage, 6 Tage, 7 Tage, 8 Tage, 9 Tage, 10 Tage, 11 Tage, 12 Tage, 13 Tage, 14 Tage, 15 Tage, 16 Tage, 17 Tage, 18 Tage, 19 Tage, 20 Tage, 21 Tage, 1 Woche, 2 Wochen, 3 Wochen, 4 Wochen, Reise unter 100 unter 200 unter 300 unter 400 unter 500 Euro 600 unter 700 unter 800, 900, 1000, 1100, bis 1200, bis 1300, bis 1400, bis 1500, bis 1600, bis 1700, bis 1800, bis 1900, bis 2000, bis 2100, bis 2200, bis 2300, bis 2400, bis 2500, bis 2600, bis 2700 Pro Person <\/b><\/marquee><\/font> <\/p>\n<\/p>\n<\/div>\n<\/div>\n","protected":false},"excerpt":{"rendered":"<p>Pauschalreisen Berlin Urlaub g\u00fcnstig buchen Pauschalangebote bei eigener Anreise Ihr Browser kann leider keine eingebetteten Frames anzeigen: Sie k&ouml;nnen die eingebettete Seite &uuml;ber den folgenden Verweis aufrufen: Pauschalurlaub Billige Reiseangebote Mitte Sch\u00f6nefeld Friedrichshain-Kreuzberg Tempelhof-Sch\u00f6neberg Charlottenburg-Wilmersdorf Marzahn-Hellersdorf Treptow-K\u00f6penick Neuk\u00f6lln Lichtenberg Pankow &hellip; <a href=\"https:\/\/reise-n.com\/reisen\/pauschalreisen\/deutschland\/berlin\/\">Weiterlesen <span class=\"meta-nav\">&rarr;<\/span><\/a><\/p>\n","protected":false},"author":1,"featured_media":0,"parent":470,"menu_order":0,"comment_status":"closed","ping_status":"open","template":"sidebar-page.php","meta":{"footnotes":""},"class_list":["post-2743","page","type-page","status-publish","hentry"],"_links":{"self":[{"href":"https:\/\/reise-n.com\/reisen\/wp-json\/wp\/v2\/pages\/2743","targetHints":{"allow":["GET"]}}],"collection":[{"href":"https:\/\/reise-n.com\/reisen\/wp-json\/wp\/v2\/pages"}],"about":[{"href":"https:\/\/reise-n.com\/reisen\/wp-json\/wp\/v2\/types\/page"}],"author":[{"embeddable":true,"href":"https:\/\/reise-n.com\/reisen\/wp-json\/wp\/v2\/users\/1"}],"replies":[{"embeddable":true,"href":"https:\/\/reise-n.com\/reisen\/wp-json\/wp\/v2\/comments?post=2743"}],"version-history":[{"count":13,"href":"https:\/\/reise-n.com\/reisen\/wp-json\/wp\/v2\/pages\/2743\/revisions"}],"predecessor-version":[{"id":5356,"href":"https:\/\/reise-n.com\/reisen\/wp-json\/wp\/v2\/pages\/2743\/revisions\/5356"}],"up":[{"embeddable":true,"href":"https:\/\/reise-n.com\/reisen\/wp-json\/wp\/v2\/pages\/470"}],"wp:attachment":[{"href":"https:\/\/reise-n.com\/reisen\/wp-json\/wp\/v2\/media?parent=2743"}],"curies":[{"name":"wp","href":"https:\/\/api.w.org\/{rel}","templated":true}]}}