{"id":2062,"date":"2013-06-12T17:12:40","date_gmt":"2013-06-12T15:12:40","guid":{"rendered":"http:\/\/1reisen.com\/?page_id=2062"},"modified":"2018-01-05T20:30:00","modified_gmt":"2018-01-05T18:30:00","slug":"event-eintrittskarten","status":"publish","type":"page","link":"https:\/\/reise-n.com\/reisen\/event-eintrittskarten\/","title":{"rendered":"Eintrittskarten"},"content":{"rendered":"<h3>Ihre Eintrittskarte f\u00fcr besondere Veranstalltungen <\/h3>\n<div class=\"tabber\">\n<div class=\"tabbertab\">\n<h3>Angebote<\/h3>\n<p><iframe loading=\"lazy\" frameborder=\"0\" src=\"https:\/\/www.topevents24.de\/mobil\/default.asp?id=1469&#038;id2=A-27654-0\" scrolling=\"auto\" width=\"650\" height=\"3000\" name=\"SELFHTML_in_a_box\"><\/p>\n<p>Ihr Browser kann leider keine eingebetteten Frames anzeigen:<br \/>\n  Sie k&ouml;nnen die eingebettete Seite &uuml;ber den folgenden Verweis<br \/>\n  aufrufen: <a href=\"https:\/\/www.topevents24.de\/mobil\/default.asp?id=1469&#038;id2=A-27654-0\" scrolling=\"auto\"><\/a><\/p>\n<p><\/iframe><\/p><\/div>\n<div class=\"tabbertab\">\n<h3>Karte<\/h3>\n<div class=\"su-gmap su-u-responsive-media-yes\"><iframe loading=\"lazy\" width=\"600\" height=\"400\" src=\"\/\/maps.google.com\/maps?q=Deutschland&amp;output=embed\" title=\"\"><\/iframe><\/div>\n<h5>Eventreisen und Hotel nach Hamburg K\u00f6ln Dortmund Kaiserslautern Saarbr\u00fcckrn Karlsruhe N\u00fcrnberg M\u00fcnchen Dresden Sachsen Th\u00fcringen Weimar Oberhof Nordsee Ostsee B\u00f6hmen Gardasee Toskana Norwegen\/h5><\/p>\n<\/div>\n<div class=\"tabbertab\">\n<h3>Info<\/h3>\n<p>\n<b>Information zur Online Reise Buchung<\/b><br \/>\n<br \/>\ndas geht ganz einfach, geben Sie Ihre gew\u00fcnschten Reisedaten in die Suchmaske ein, wie viele Personen, Abfahrtsort in der Suchmaske Ihren Reisezielort eingeben und es werden Ihnen die verschiedenen Reisepreise der verschiedenen Reiseveranstalter angezeigt jetzt gew\u00fcnschtes Abfahrt klicken und Ihre pers\u00f6nlichen Daten eintragen gew\u00fcnschte Zahlungsart evtl. noch eine Reiser\u00fccktrittsversicherung dazu nehmen &#8211; AGB Ihr H\u00e4ckchen machen &#8211; jetzt Drucken anklicken &#8211; Reise anmelden buchen klicken und fertig.<\/p>\n<p>Um f\u00fcr eine Urlaubsregion alle Angebote auf einen Blick zu erhalten immer \u00dcberbegriff Ausw\u00e4hlen.<\/p>\n<p><font size=\"1\" color=\"#f4eeee\"><br \/>\n<marquee><b>Reiseangebote: 1 Tag, 2 Tage, 3 Tage, 4 Tage, 5 Tage, 6 Tage, 7 Tage, 8 Tage, 9 Tage, 10 Tage, 11 Tage, 12 Tage, 13 Tage, 14 Tage, 15 Tage, 16 Tage, 17 Tage, 18 Tage, 19 Tage, 20 Tage, 21 Tage, 1 Woche, 2 Wochen, 3 Wochen, 4 Wochen, Sterne, Hotels, Reisen unter 100 unter 200 unter 300 unter 400 unter 500 Euro 600 unter 700 unter 800, 900, 1000, 1100, bis 1200, bis 1300, bis 1400, bis 1500, bis 1600, bis 1700, bis 1800, bis 1900, bis 2000, bis 2100, bis 2200, bis 2300, bis 2400, bis 2500, bis 2600, bis 2700 Pro Person <\/b><\/marquee><\/font> <\/p>\n<\/p>\n<p><b><i>St\u00e4dtereise Tagesfahrten mit modernen Reisebusen nach Hamburg K\u00f6ln Dortmund Kaiserslautern Saarbr\u00fcckrn Karlsruhe N\u00fcrnberg M\u00fcnchen Dresden Sachsen Th\u00fcringen Weimar Oberhof Nordsee Ostsee B\u00f6hmen Gardasee Toskana Norwegen<\/i><\/b><br \/>\n<\/p><\/div>\n<div class=\"tabbertab\">\n<h3>Wetter<\/h3>\n<table border=\"0\">\n<tr>\n<th align=\"left\"   valign=\"top\" width=\"200\" height=\"75\">\n<a href=\"https:\/\/www.weatheronline.co.uk\/cgi-bin\/homecif?WMO=10384&#038;L=en&#038;WIDTH=180&#038;HEIGHT=150&#038;CLOUD=1&#038;V=2\" target=\"Angebotew\" id=\"myfavorite\"><\/p>\n<h4>Berlin<\/h4>\n<p><\/a><\/p>\n<hr>\n<p><a name=\"Lloret de Mar\" href=\"https:\/\/www.weatheronline.co.uk\/cgi-bin\/homecif?WMO=x6642&#038;L=en&#038;WIDTH=180&#038;HEIGHT=150&#038;CLOUD=1&#038;V=2\" target=\"Angebotew\" title=\"Lloret de Mar\"><\/p>\n<h4>Lloret de Mar<\/h4>\n<p><\/a><\/p>\n<hr>\n<p><a name=\"Paris\" href=\"https:\/\/www.weatheronline.co.uk\/cgi-bin\/homecif?WMO=07149&#038;L=en&#038;WIDTH=180&#038;HEIGHT=150&#038;CLOUD=1&#038;V=2\" target=\"Angebotew\" title=\"Paris Frankreich\"><\/p>\n<h4>Paris<\/h4>\n<p><\/a><\/p>\n<hr>\n<p><a name=\"Rom\" href=\"https:\/\/www.weatheronline.co.uk\/cgi-bin\/homecif?WMO=16242&#038;L=en&#038;WIDTH=145&#038;HEIGHT=130&#038;CLOUD=1&#038;V=2\" target=\"Angebotew\" title=\"Rom Italien\"><\/p>\n<h4>Rom<\/h4>\n<p><\/a><\/p>\n<hr>\n<p><br clear=all><\/p>\n<\/th>\n<th align=\"center\" valign=\"top\" width=\"200\"> <center>Wettervorhersage<\/center><br \/>\n <br \/><iframe loading=\"lazy\" width=\"300\" height=\"300\" src=\"https:\/\/www.weatheronline.co.uk\/cgi-bin\/homecif?WMO=10384&#038;L=en&#038;WIDTH=180&#038;HEIGHT=150&#038;CLOUD=1&#038;V=2\" name=\"Angebotew\" scrolling=\"auto\"><\/iframe>\n<\/th>\n<th align=\"right\"  valign=\"top\" width=\"0\"><\/th>\n<\/tr>\n<\/tr>\n<\/table>\n<\/div>\n<\/div>\n","protected":false},"excerpt":{"rendered":"<p>Ihre Eintrittskarte f\u00fcr besondere Veranstalltungen Angebote Ihr Browser kann leider keine eingebetteten Frames anzeigen: Sie k&ouml;nnen die eingebettete Seite &uuml;ber den folgenden Verweis aufrufen: Karte Eventreisen und Hotel nach Hamburg K\u00f6ln Dortmund Kaiserslautern Saarbr\u00fcckrn Karlsruhe N\u00fcrnberg M\u00fcnchen Dresden Sachsen Th\u00fcringen &hellip; <a href=\"https:\/\/reise-n.com\/reisen\/event-eintrittskarten\/\">Weiterlesen <span class=\"meta-nav\">&rarr;<\/span><\/a><\/p>\n","protected":false},"author":1,"featured_media":0,"parent":0,"menu_order":81,"comment_status":"closed","ping_status":"open","template":"sidebar-page.php","meta":{"footnotes":""},"class_list":["post-2062","page","type-page","status-publish","hentry"],"_links":{"self":[{"href":"https:\/\/reise-n.com\/reisen\/wp-json\/wp\/v2\/pages\/2062","targetHints":{"allow":["GET"]}}],"collection":[{"href":"https:\/\/reise-n.com\/reisen\/wp-json\/wp\/v2\/pages"}],"about":[{"href":"https:\/\/reise-n.com\/reisen\/wp-json\/wp\/v2\/types\/page"}],"author":[{"embeddable":true,"href":"https:\/\/reise-n.com\/reisen\/wp-json\/wp\/v2\/users\/1"}],"replies":[{"embeddable":true,"href":"https:\/\/reise-n.com\/reisen\/wp-json\/wp\/v2\/comments?post=2062"}],"version-history":[{"count":8,"href":"https:\/\/reise-n.com\/reisen\/wp-json\/wp\/v2\/pages\/2062\/revisions"}],"predecessor-version":[{"id":8637,"href":"https:\/\/reise-n.com\/reisen\/wp-json\/wp\/v2\/pages\/2062\/revisions\/8637"}],"wp:attachment":[{"href":"https:\/\/reise-n.com\/reisen\/wp-json\/wp\/v2\/media?parent=2062"}],"curies":[{"name":"wp","href":"https:\/\/api.w.org\/{rel}","templated":true}]}}