{"id":1858,"date":"2013-03-30T19:42:45","date_gmt":"2013-03-30T17:42:45","guid":{"rendered":"http:\/\/1reisen.com\/?page_id=1858"},"modified":"2016-07-14T19:19:24","modified_gmt":"2016-07-14T17:19:24","slug":"reise-veranstalter","status":"publish","type":"page","link":"https:\/\/reise-n.com\/reisen\/pauschalreisen\/reise-veranstalter\/","title":{"rendered":"Reiseveranstalter"},"content":{"rendered":"<h3>Hier finden Sie Angebote von den gr\u00f6\u00dften Reiseveranstaltern im \u00dcberblick<\/h3>\n<p><a href=\"https:\/\/reise-n.com\/reisen\/pauschalreisen\/alltours\/\" title=\"Reiseangebote von Alltours billig buchen\"><strong>Reiseangebote von Alltours<\/strong><\/a><\/p>\n<p><a href=\"https:\/\/reise-n.com\/reisen\/pauschalreisen\/fti\/\" title=\"Reiseangebote von FTI billig buchen\"><strong>Reiseangebote von FTI<\/strong><\/a><\/p>\n<p><a href=\"https:\/\/reise-n.com\/reisen\/pauschalreisen\/tui\/\" title=\"Reiseangebote von TUI billig buchen\"><strong>Reiseangebote von TUI<\/strong><\/a><\/p>\n<p><a href=\"https:\/\/reise-n.com\/reisen\/pauschalreisen\/neckermann\/\" title=\"Reiseangebote von Neckerman billig buchen\"><strong>Reiseangebote von Neckermann<\/strong><\/a><\/p>\n<p><a href=\"https:\/\/reise-n.com\/reisen\/pauschalreisen\/its\/\" title=\"Reiseangebote von ITS Rewe billig buchen\"><strong>Reiseangebote von ITS Rewe<\/strong><\/a><\/p>\n<p><a href=\"https:\/\/reise-n.com\/reisen\/pauschalreisen\/schauinsland\/\" title=\"Reiseangebote von Schauinsland Reisen billig buchen\"><strong>Reiseangebote von Schauinsland Reisen<\/strong><\/a><\/p>\n<p><a href=\"https:\/\/reise-n.com\/reisen\/pauschalreisen\/thomascook\/\" title=\"Reiseangebote von Thomas Cook Reisen billig buchen\"><strong>Reiseangebote von Thomas Cook <\/strong><\/a><\/p>\n<p><a href=\"https:\/\/reise-n.com\/reisen\/pauschalreisen\/bucher\/\" title=\"Reiseangebote von Bucher Reisen billig buchen\"><strong>Reiseangebote von Bucher Reisen<\/strong><\/a><\/p>\n<p><a href=\"https:\/\/reise-n.com\/reisen\/pauschalreisen\/dertour\/\" title=\"Reiseangebote von DERTOUR Reisen billig buchen\"><strong>Reiseangebote von DERTOUR Reisen<\/strong><\/a><\/p>\n<p><a href=\"https:\/\/reise-n.com\/reisen\/pauschalreisen\/lmx\/\" title=\"Reiseangebote von LMX Reisen billig buchen\"><strong>Reiseangebote von LMX Reisen<\/strong><\/a><\/p>\n<p><a href=\"https:\/\/reise-n.com\/reisen\/pauschalreisen\/meiers-weltreisen\/\" title=\"Reiseangebote von Meiers Weltreisen billig buchen\"><strong>Reiseangebote von Meiers Weltreisen<\/strong><\/a><\/p>\n<p><a href=\"https:\/\/reise-n.com\/reisen\/pauschalreisen\/bigxtra\/\" title=\"Reiseangebote von BigXtra billig buchen\"><strong>Reiseangebote von BigXtra Touristik<\/strong><\/a><\/p>\n<p><a href=\"https:\/\/reise-n.com\/reisen\/pauschalreisen\/aldiana\/\" title=\"Reiseangebote von Aldiana Reisen billig buchen\"><strong>Reiseangebote von Hotels Aldiana All-inclusive<\/strong><\/a><\/p>\n<p><a href=\"https:\/\/reise-n.com\/reisen\/reise-veranstalter-jt-touristik\/\" title=\"Hotels Reiseangebote JT Touristik billig buchen\"><strong>Hotels Reiseangebote JT Touristik<\/strong><\/a><\/p>\n<p><a href=\"https:\/\/reise-n.com\/reisen\/pauschalreisen\/5-vor-flug\/\" title=\"Reiseangebote von 5 vor Flug billig buchen\"><strong>Reiseangebote von 5 vor Flug<\/strong><\/a><\/p>\n<p><a href=\"https:\/\/reise-n.com\/reisen\/pauschalreisen\/phoenix\/\" title=\"Reiseangebote von Phoenix billig buchen\"><strong>Reiseangebote von Phoenix<\/strong><\/a><\/p>\n<p><a href=\"https:\/\/reise-n.com\/reisen\/pauschalreisen\/ameropa-reisen\/\" title=\"Reiseangebote von Ameropa Reisen GmbH billig buchen\"><strong>Reiseangebote von Ameropa<\/strong><\/a><\/p>\n<p><a href=\"https:\/\/reise-n.com\/reisen\/pauschalreisen\/tropo\/\" title=\"Reiseangebote von Tropo billig buchen\"><strong>Reiseangebote von Tropo<\/strong><\/a><br \/>\n.<br \/>\n.<br \/>\n.<br \/>\n.<br \/>\n.<br \/>\n.<br \/>\n.<br \/>\n.<br \/>\n.<br \/>\n.<\/p>\n<div class=\"tabber\">\n<div class=\"tabbertab\">\n<h3>Info<\/h3>\n<\/div>\n<div class=\"tabbertab\">\n<h3>Wetter<\/h3>\n<table border=\"0\">\n<tr>\n<th align=\"left\" valign=\"top\" width=\"200\" height=\"75\">\n<a href=\"https:\/\/www.weatheronline.co.uk\/cgi-bin\/homecif?WMO=10384&#038;L=en&#038;WIDTH=180&#038;HEIGHT=150&#038;CLOUD=1&#038;V=2\" target=\"Angebote\" id=\"myfavorite\"><\/p>\n<h4>Wetter<\/h4>\n<p><\/a><\/p>\n<hr \/>\n<p><br clear=all><\/p>\n<\/th>\n<th align=\"center\" valign=\"top\" width=\"200\"> <center><\/p>\n<h5>Wettervorhersage<\/h5>\n<p><\/center><\/p>\n<p><iframe loading=\"lazy\" frameborder=\"0\" width=\"300\" height=\"300\" src=\"https:\/\/www.weatheronline.co.uk\/cgi-bin\/homecif?WMO=10384&#038;L=en&#038;WIDTH=180&#038;HEIGHT=150&#038;CLOUD=1&#038;V=2\" name=\"Angebote\" scrolling=\"auto\"><\/iframe>\n<\/th>\n<th align=\"right\"  valign=\"top\" width=\"0\"><\/th>\n<\/tr>\n<\/tr>\n<\/table>\n<\/div>\n<div class=\"tabbertab\">\n<h3> <\/h3>\n<p><font size=\"1\" color=\"#f4eeee\"><br \/>\n<marquee><b>Angebote: 1 Tag, 2 Tage, 3 Tage, 4 Tage, 5 Tage, 6 Tage, 7 Tage, 8 Tage, 9 Tage, 10 Tage, 11 Tage, 12 Tage, 13 Tage, 14 Tage, 15 Tage, 16 Tage, 17 Tage, 18 Tage, 19 Tage, 20 Tage, 21 Tage, 1 Woche, 2 Wochen, 3 Wochen, 4 Wochen, Reise unter 100 unter 200 unter 300 unter 400 unter 500 Euro 600 unter 700 unter 800, 900, 1000, 1100, bis 1200, bis 1300, bis 1400, bis 1500, bis 1600, bis 1700, bis 1800, bis 1900, bis 2000, bis 2100, bis 2200, bis 2300, bis 2400, bis 2500, bis 2600, bis 2700 Pro Person <\/b><\/marquee><\/font> <\/p>\n<\/p>\n<\/div>\n<\/div>\n","protected":false},"excerpt":{"rendered":"<p>Hier finden Sie Angebote von den gr\u00f6\u00dften Reiseveranstaltern im \u00dcberblick Reiseangebote von Alltours Reiseangebote von FTI Reiseangebote von TUI Reiseangebote von Neckermann Reiseangebote von ITS Rewe Reiseangebote von Schauinsland Reisen Reiseangebote von Thomas Cook Reiseangebote von Bucher Reisen Reiseangebote von &hellip; <a href=\"https:\/\/reise-n.com\/reisen\/pauschalreisen\/reise-veranstalter\/\">Weiterlesen <span class=\"meta-nav\">&rarr;<\/span><\/a><\/p>\n","protected":false},"author":1,"featured_media":0,"parent":32,"menu_order":700,"comment_status":"closed","ping_status":"open","template":"sidebar-page.php","meta":{"footnotes":""},"class_list":["post-1858","page","type-page","status-publish","hentry"],"_links":{"self":[{"href":"https:\/\/reise-n.com\/reisen\/wp-json\/wp\/v2\/pages\/1858","targetHints":{"allow":["GET"]}}],"collection":[{"href":"https:\/\/reise-n.com\/reisen\/wp-json\/wp\/v2\/pages"}],"about":[{"href":"https:\/\/reise-n.com\/reisen\/wp-json\/wp\/v2\/types\/page"}],"author":[{"embeddable":true,"href":"https:\/\/reise-n.com\/reisen\/wp-json\/wp\/v2\/users\/1"}],"replies":[{"embeddable":true,"href":"https:\/\/reise-n.com\/reisen\/wp-json\/wp\/v2\/comments?post=1858"}],"version-history":[{"count":47,"href":"https:\/\/reise-n.com\/reisen\/wp-json\/wp\/v2\/pages\/1858\/revisions"}],"predecessor-version":[{"id":7864,"href":"https:\/\/reise-n.com\/reisen\/wp-json\/wp\/v2\/pages\/1858\/revisions\/7864"}],"up":[{"embeddable":true,"href":"https:\/\/reise-n.com\/reisen\/wp-json\/wp\/v2\/pages\/32"}],"wp:attachment":[{"href":"https:\/\/reise-n.com\/reisen\/wp-json\/wp\/v2\/media?parent=1858"}],"curies":[{"name":"wp","href":"https:\/\/api.w.org\/{rel}","templated":true}]}}