{"id":121,"date":"2012-09-13T04:58:08","date_gmt":"2012-09-13T02:58:08","guid":{"rendered":"http:\/\/1reisen.com\/?page_id=121"},"modified":"2022-07-14T05:09:25","modified_gmt":"2022-07-14T03:09:25","slug":"ferienwohnungen-ferienhaus","status":"publish","type":"page","link":"https:\/\/reise-n.com\/reisen\/ferienwohnungen-ferienhaus\/","title":{"rendered":"Ferienwohnungen"},"content":{"rendered":"<h3>Hier finden Sie freie Ferienh\u00e4user und Ferienwohnungen in Europa Deutschland Finnland Frankreich D\u00e4nemark Irland Italien Kroatien Niederlande Norwegen Deutscland \u00d6sterreich Schweiz Portugal Schweden Spanien Tschechien Ungarn und den USA im Preisvergleich. Jedes Ferienhaus oder Ferienwohnung ist individuel und privat eingerichtet.<\/h3>\n<div class=\"tabber\">\n<div class=\"tabbertab\">\n<h3>Angebote<\/h3>\n<h5>Preisvergleich Angebote von allen Anbietern<\/h5>\n<p><iframe loading=\"lazy\" frameborder=\"0\" src=\"https:\/\/1112751003.ferienwohnung-be.de\/?ptc=A-27654-0\" scrolling=\"auto\" width=\"100%\" height=\"3000\" name=\"fewo\"><\/p>\n<p>Ihr Browser kann leider keine eingebetteten Frames anzeigen:<br \/>\n  Sie k&ouml;nnen die eingebettete Seite &uuml;ber den folgenden Verweis<br \/>\n  aufrufen: <a href=\"https:\/\/1112751003.ferienwohnung-be.de\/?ptc=A-27654-0\">Hier geht es zur Ferienh\u00e4user Buchen<\/a><\/iframe>\n<\/div>\n<div class=\"tabbertab\">\n<h3>Karte<\/h3>\n<p> <b>Finden Sie die beste Route zu Ihrer Unterkunft<\/b><\/p>\n<div class=\"su-gmap su-u-responsive-media-yes\"><iframe loading=\"lazy\" width=\"600\" height=\"400\" src=\"\/\/maps.google.com\/maps?q=Europa&amp;output=embed\" title=\"\"><\/iframe><\/div>\n<\/div>\n<div class=\"tabbertab\">\n<h3>Info<\/h3>\n<p><center><b>Information zur Online Reise Buchung<\/b><br \/>\ndas geht ganz einfach, geben Sie Ihre gew\u00fcnschten Reisedaten in die Suchmaske ein, wie viele Personen, Abflug, R\u00fcckflug, wie viel Tage, Abflughafen, alle Regionen anklicken und unten in der Suchmaske Ihren Reisezielort klicken und es werden Ihnen die verschiedenen Reisepreise der verschiedenen Reiseveranstalter angezeigt jetzt gew\u00fcnschtes Abflugdatum klicken und Ihre pers\u00f6nlichen Daten eintragen gew\u00fcnschte Zahlungsart evtl. noch eine Reiser\u00fccktrittsversicherung dazu nehmen &#8211; AGB Ihr H\u00e4ckchen machen &#8211; jetzt Drucken anklicken &#8211; Reise anmelden buchen klicken und fertig.<\/p>\n<p><center><br \/>\nD\u00e4nemark Deutschland Finnland Frankreich Irland Italien Kroatien Niederlande Norwegen Deutschland \u00d6sterreich Schweiz Portugal Schweden Spanien Tschechien Ungarn USA<\/p>\n<p><\/center><\/p>\n<p><font size=\"1\" color=\"#f4eeee\"><br \/>\n<marquee><b>Reiseangebote: 1 Tag, 2 Tage, 3 Tage, 4 Tage, 5 Tage, 6 Tage, 7 Tage, 8 Tage, 9 Tage, 10 Tage, 11 Tage, 12 Tage, 13 Tage, 14 Tage, 15 Tage, 16 Tage, 17 Tage, 18 Tage, 19 Tage, 20 Tage, 21 Tage, 1 Woche, 2 Wochen, 3 Wochen, 4 Wochen, Sterne, Hotels, Reisen unter 100 unter 200 unter 300 unter 400 unter 500 Euro 600 unter 700 unter 800, 900, 1000, 1100, bis 1200, bis 1300, bis 1400, bis 1500, bis 1600, bis 1700, bis 1800, bis 1900, bis 2000, bis 2100, bis 2200, bis 2300, bis 2400, bis 2500, bis 2600, bis 2700 Pro Person <\/b><\/marquee><\/font> <\/p>\n<\/div>\n<\/div>\n","protected":false},"excerpt":{"rendered":"<p>Hier finden Sie freie Ferienh\u00e4user und Ferienwohnungen in Europa Deutschland Finnland Frankreich D\u00e4nemark Irland Italien Kroatien Niederlande Norwegen Deutscland \u00d6sterreich Schweiz Portugal Schweden Spanien Tschechien Ungarn und den USA im Preisvergleich. Jedes Ferienhaus oder Ferienwohnung ist individuel und privat eingerichtet. &hellip; <a href=\"https:\/\/reise-n.com\/reisen\/ferienwohnungen-ferienhaus\/\">Weiterlesen <span class=\"meta-nav\">&rarr;<\/span><\/a><\/p>\n","protected":false},"author":1,"featured_media":0,"parent":0,"menu_order":5,"comment_status":"closed","ping_status":"open","template":"","meta":{"footnotes":""},"class_list":["post-121","page","type-page","status-publish","hentry"],"_links":{"self":[{"href":"https:\/\/reise-n.com\/reisen\/wp-json\/wp\/v2\/pages\/121","targetHints":{"allow":["GET"]}}],"collection":[{"href":"https:\/\/reise-n.com\/reisen\/wp-json\/wp\/v2\/pages"}],"about":[{"href":"https:\/\/reise-n.com\/reisen\/wp-json\/wp\/v2\/types\/page"}],"author":[{"embeddable":true,"href":"https:\/\/reise-n.com\/reisen\/wp-json\/wp\/v2\/users\/1"}],"replies":[{"embeddable":true,"href":"https:\/\/reise-n.com\/reisen\/wp-json\/wp\/v2\/comments?post=121"}],"version-history":[{"count":53,"href":"https:\/\/reise-n.com\/reisen\/wp-json\/wp\/v2\/pages\/121\/revisions"}],"predecessor-version":[{"id":8794,"href":"https:\/\/reise-n.com\/reisen\/wp-json\/wp\/v2\/pages\/121\/revisions\/8794"}],"wp:attachment":[{"href":"https:\/\/reise-n.com\/reisen\/wp-json\/wp\/v2\/media?parent=121"}],"curies":[{"name":"wp","href":"https:\/\/api.w.org\/{rel}","templated":true}]}}